{"id":98,"date":"2022-07-06T11:02:15","date_gmt":"2022-07-06T09:02:15","guid":{"rendered":"https:\/\/selfhostervps.com\/de\/?page_id=98"},"modified":"2024-10-29T10:48:55","modified_gmt":"2024-10-29T09:48:55","slug":"preise","status":"publish","type":"page","link":"https:\/\/selfhostervps.com\/de\/preise\/","title":{"rendered":"Preise"},"content":{"rendered":"<h1 style=\"text-align: center;\">Services<\/h1>\n<hr \/>\n<h3 style=\"text-align: center;\">YunoHost Ready-to-go VPS<\/h3>\n<p style=\"text-align: center;\">Mit dem Ready-to-Go YunoHost VPS von SelfHosterVPS sind Sie auf einfache Weise in der Lage die in einem Klein- oder Mittelbetrieb erforderlichen Internet Komponenten selbst zu betreiben und die Kontrolle \u00fcber Ihre Daten und Dienste zur\u00fcck haben. Das VPS startet mit 4 virtuellen CPU\u2019s, 8 GB RAM und einer 200 GB SSD Disk und kann vielf\u00e4ltig erweitert werden. <a href=\"https:\/\/selfhostervps.com\/de\/yunohost-vps\/\" target=\"_blank\" rel=\"noopener\">Beschreibung<\/a><\/p>\n<h4 style=\"text-align: center;\">Inklusive<\/h4>\n<p style=\"text-align: center;\">Ready-to-Go Setup basierend auf Debian und YunoHost (YunoHost Basis-Setup)<\/p>\n<p style=\"text-align: center;\"><strong>Auf Wunsch: Mastodon und\/oder Matrix Synapse vorinstalliert!<\/strong><\/p>\n<p style=\"text-align: center;\">Support per Ticket System<\/p>\n<hr \/>\n<h3 style=\"text-align: center;\">VPS Service Basis<\/h3>\n<p style=\"text-align: center;\">4 vCPU<\/p>\n<p style=\"text-align: center;\">8 GB RAM<\/p>\n<p style=\"text-align: center;\">200 GB NVMe SSD<\/p>\n<p style=\"text-align: center;\">Bis zu 1 Gbit\/s &#8211; Flatrate inklusive<\/p>\n<p style=\"text-align: center;\">Laufzeit 1 Monat<\/p>\n<p style=\"text-align: center;\">K\u00fcndigungsfrist 1 Monat zum Monatsletzten<\/p>\n<p style=\"text-align: center;\">Keine Einrichtungskosten<\/p>\n<h3 style=\"text-align: center;\">\u20ac 109,&#8211;<\/h3>\n<hr \/>\n<h3 style=\"text-align: center;\">VPS Service Power<\/h3>\n<p style=\"text-align: center;\">8 vCPU<\/p>\n<p style=\"text-align: center;\">16 GB RAM<\/p>\n<p style=\"text-align: center;\">400 GB NVMe SSD<\/p>\n<p style=\"text-align: center;\">Bis zu 1 Gbit\/s &#8211; Flatrate inklusive<\/p>\n<p style=\"text-align: center;\">Laufzeit 1 Monat<\/p>\n<p style=\"text-align: center;\">K\u00fcndigungsfrist 1 Monat zum Monatsletzten<\/p>\n<p style=\"text-align: center;\">Keine Einrichtungskosten<\/p>\n<h3 style=\"text-align: center;\">\u20ac 159,&#8211;<\/h3>\n<hr \/>\n<h3 style=\"text-align: center;\">VPS Service Platin<\/h3>\n<p style=\"text-align: center;\">16 vCPU<\/p>\n<p style=\"text-align: center;\">32 GB RAM<\/p>\n<p style=\"text-align: center;\">800 GB NVMe SSD<\/p>\n<p style=\"text-align: center;\">Bis zu 1 Gbit\/s &#8211; Flatrate inklusive<\/p>\n<p style=\"text-align: center;\">Laufzeit 1 Monat<\/p>\n<p style=\"text-align: center;\">K\u00fcndigungsfrist 1 Monat zum Monatsletzten<\/p>\n<p style=\"text-align: center;\">Keine Einrichtungskosten<\/p>\n<h3 style=\"text-align: center;\">\u20ac 209,&#8211;<\/h3>\n<hr \/>\n<p>YunoHost Basissetup beinhaltet betriebsbereiter Server ohne installierte Apps mit Zugriff auf die Yunohost Web-Verwaltungsoberfl\u00e4che \u00fcber eine SelfHosterVPS Kundenverwaltungsdomain. Auf der Verwaltungsdomain k\u00f6nnen keine Services betrieben werden. F\u00fcr ausgehende E-Mails wird ein notwendiges Mail Relay zur Verf\u00fcgung gestellt, welches am Server im Rahmen der Installation bereits eingerichtet wird. Gerne unterst\u00fctzen wir Sie beim Einrichten der Apps.<\/p>\n<p><strong>Preise exklusive der jeweils g\u00fcltigen Mehrwertsteuer<\/strong>, bei Kunden aus Nicht-EU L\u00e4ndern wird, sofern kein Firmenbuchauszug beigebracht wird,der jeweils g\u00fcltige Mehrwertsteuersatz verrechnet. Preise f\u00fcr Reseller auf Anfrage.<\/p>\n<p><strong>Unser Angebot richtet sich ausschlie\u00dflich an gewerbliche Kunden.<\/strong> Leider k\u00f6nnen wir aus organisatorischen Gr\u00fcnden aktuell keine Endkunden auf die das Konsumentenschutzgesetz angewendet wird mit unseren Services betreuen. F\u00fcr alle Angebote gelten ausschlie\u00dflich <a href=\"https:\/\/selfhostervps.com\/de\/agb\/\">unsere Allgemeinen Gesch\u00e4ftsbedingungen<\/a>. Davon abweichende Vereinbarungen m\u00fcssen zur G\u00fcltigkeit schriftlich festgehalten werden.<\/p>\n\n<div class=\"wpcf7 no-js\" id=\"wpcf7-f168-o1\" lang=\"de-DE\" dir=\"ltr\" data-wpcf7-id=\"168\">\n<div class=\"screen-reader-response\"><p role=\"status\" aria-live=\"polite\" aria-atomic=\"true\"><\/p> <ul><\/ul><\/div>\n<form action=\"\/de\/wp-json\/wp\/v2\/pages\/98#wpcf7-f168-o1\" method=\"post\" class=\"wpcf7-form init\" aria-label=\"Kontaktformular\" enctype=\"multipart\/form-data\" novalidate=\"novalidate\" data-status=\"init\">\n<div style=\"display: none;\">\n<input type=\"hidden\" name=\"_wpcf7\" value=\"168\" \/>\n<input type=\"hidden\" name=\"_wpcf7_version\" value=\"6.0.6\" \/>\n<input type=\"hidden\" name=\"_wpcf7_locale\" value=\"de_DE_formal\" \/>\n<input type=\"hidden\" name=\"_wpcf7_unit_tag\" value=\"wpcf7-f168-o1\" \/>\n<input type=\"hidden\" name=\"_wpcf7_container_post\" value=\"0\" \/>\n<input type=\"hidden\" name=\"_wpcf7_posted_data_hash\" value=\"\" \/>\n<input type=\"hidden\" name=\"lang\" value=\"de\" \/>\n<\/div>\n\n<h3>Bestellanfrage\n<\/h3>\n<p>Wir freuen uns \u00fcber Ihre Bestellanfrage, welche unser Support Team raschest beantworten wird. Bitte \u00fcbermiteln sie uns vorab\n<\/p>\n<p>Firmenname<br \/>\nAdresse<br \/>\nPLZ Ort<br \/>\nLand<br \/>\nUID-Nummer\n<\/p>\n<p>und w\u00e4hlen Sie das gew\u00fcnschte Produkt aus. Unser Team wird raschest eine Verf\u00fcgbarkeitspr\u00fcfung durchf\u00fchren um Ihnen danach die Bestellung zu erm\u00f6glichen.\n<\/p>\n<input class=\"wpcf7-form-control wpcf7-hidden\" value=\"1\" type=\"hidden\" name=\"osticket-request\" \/>\n<input class=\"wpcf7-form-control wpcf7-hidden\" value=\"osticket-selfhostervpsorder\" type=\"hidden\" name=\"osticket-selfhostervpsorder\" \/>\n<input class=\"wpcf7-form-control wpcf7-hidden\" value=\"13\" type=\"hidden\" name=\"osticket-topic\" \/>\n<p><label> Ihre E-Mail-Adresse<br \/>\n<span class=\"wpcf7-form-control-wrap\" data-name=\"osticket-email\"><input size=\"40\" maxlength=\"400\" class=\"wpcf7-form-control wpcf7-email wpcf7-validates-as-required wpcf7-text wpcf7-validates-as-email\" aria-required=\"true\" aria-invalid=\"false\" value=\"\" type=\"email\" name=\"osticket-email\" \/><\/span> <\/label>\n<\/p>\n<p><label> Telefonnummer<br \/>\n<span class=\"wpcf7-form-control-wrap\" data-name=\"osticket-phone\"><input size=\"40\" maxlength=\"400\" class=\"wpcf7-form-control wpcf7-text\" aria-invalid=\"false\" value=\"\" type=\"text\" name=\"osticket-phone\" \/><\/span> <\/label>\n<\/p>\n<p><label> Ihr Name<br \/>\n<span class=\"wpcf7-form-control-wrap\" data-name=\"osticket-fullname\"><input size=\"40\" maxlength=\"400\" class=\"wpcf7-form-control wpcf7-text wpcf7-validates-as-required\" aria-required=\"true\" aria-invalid=\"false\" value=\"\" type=\"text\" name=\"osticket-fullname\" \/><\/span> <\/label>\n<\/p>\n<p><label> Bestellanfrage f\u00fcr<br \/>\n<span class=\"wpcf7-form-control-wrap\" data-name=\"osticket-subject\"><select class=\"wpcf7-form-control wpcf7-select\" aria-invalid=\"false\" name=\"osticket-subject\"><option value=\"Bestellanfrage Yunohost VPS Basis\">Bestellanfrage Yunohost VPS Basis<\/option><option value=\"Bestellanfrage Yunohost VPS Power\">Bestellanfrage Yunohost VPS Power<\/option><option value=\"Bestellanfrage Yunohost VPS Platin\">Bestellanfrage Yunohost VPS Platin<\/option><option value=\"Bestellanfrage VPS Basis \u2013 Mastodon vorinstalliert\">Bestellanfrage VPS Basis \u2013 Mastodon vorinstalliert<\/option><option value=\"Bestellanfrage VPS Power \u2013 Mastodon vorinstalliert\">Bestellanfrage VPS Power \u2013 Mastodon vorinstalliert<\/option><option value=\"Bestellanfrage VPS Platin \u2013 Mastodon vorinstalliert\">Bestellanfrage VPS Platin \u2013 Mastodon vorinstalliert<\/option><\/select><\/span> <\/label>\n<\/p>\n<p><label> Ihre Nachricht<br \/>\n<span class=\"wpcf7-form-control-wrap\" data-name=\"osticket-message\"><textarea cols=\"40\" rows=\"10\" maxlength=\"2000\" class=\"wpcf7-form-control wpcf7-textarea wpcf7-validates-as-required\" aria-required=\"true\" aria-invalid=\"false\" placeholder=\"Bitte \u00fcbermitteln Sie uns:\nFirmenname\nAdresse\nPLZ Ort\nLand\nUID-Nummer\nunser Support Team meldet sich bei Ihnen,\" name=\"osticket-message\"><\/textarea><\/span> <\/label>\n<\/p>\n<p><label> Uploadm\u00f6glichkeit f\u00fcr Dokumente<br \/>\n<span class=\"wpcf7-form-control-wrap\" data-name=\"osticket-attach\"><input size=\"40\" class=\"wpcf7-form-control wpcf7-file\" accept=\".txt,.pdf,.doc\" aria-invalid=\"false\" type=\"file\" name=\"osticket-attach\" \/><\/span> <\/label>\n<\/p>\n<p><input class=\"wpcf7-form-control wpcf7-submit has-spinner\" type=\"submit\" value=\"Senden\" \/>\n<\/p><div class=\"wpcf7-response-output\" aria-hidden=\"true\"><\/div>\n<\/form>\n<\/div>\n\n","protected":false},"excerpt":{"rendered":"<p>Services YunoHost Ready-to-go VPS Mit dem Ready-to-Go YunoHost VPS von SelfHosterVPS sind Sie auf einfache Weise in der Lage die in einem Klein- oder Mittelbetrieb erforderlichen Internet Komponenten selbst zu betreiben und die Kontrolle \u00fcber Ihre Daten und Dienste zur\u00fcck haben. Das VPS startet mit 4 virtuellen CPU\u2019s, 8 GB RAM und einer 200 GB [&hellip;]<\/p>\n","protected":false},"author":1,"featured_media":0,"parent":0,"menu_order":0,"comment_status":"closed","ping_status":"closed","template":"","meta":{"footnotes":""},"class_list":["post-98","page","type-page","status-publish","hentry"],"_links":{"self":[{"href":"https:\/\/selfhostervps.com\/de\/wp-json\/wp\/v2\/pages\/98"}],"collection":[{"href":"https:\/\/selfhostervps.com\/de\/wp-json\/wp\/v2\/pages"}],"about":[{"href":"https:\/\/selfhostervps.com\/de\/wp-json\/wp\/v2\/types\/page"}],"author":[{"embeddable":true,"href":"https:\/\/selfhostervps.com\/de\/wp-json\/wp\/v2\/users\/1"}],"replies":[{"embeddable":true,"href":"https:\/\/selfhostervps.com\/de\/wp-json\/wp\/v2\/comments?post=98"}],"version-history":[{"count":42,"href":"https:\/\/selfhostervps.com\/de\/wp-json\/wp\/v2\/pages\/98\/revisions"}],"predecessor-version":[{"id":291,"href":"https:\/\/selfhostervps.com\/de\/wp-json\/wp\/v2\/pages\/98\/revisions\/291"}],"wp:attachment":[{"href":"https:\/\/selfhostervps.com\/de\/wp-json\/wp\/v2\/media?parent=98"}],"curies":[{"name":"wp","href":"https:\/\/api.w.org\/{rel}","templated":true}]}}