{"id":65,"date":"2022-07-05T15:12:21","date_gmt":"2022-07-05T13:12:21","guid":{"rendered":"https:\/\/selfhostervps.com\/de\/?page_id=65"},"modified":"2022-07-05T15:25:13","modified_gmt":"2022-07-05T13:25:13","slug":"uber-uns","status":"publish","type":"page","link":"https:\/\/selfhostervps.com\/de\/uber-uns\/","title":{"rendered":"\u00dcber uns"},"content":{"rendered":"<p>Unsere Gr\u00fcnder sind langj\u00e4hrig im IT\u00a0 Bereich t\u00e4tig und haben im Laufe der letzten Jahre mit ansehen m\u00fcssen, wie die Benutzer des Internets, Ihre Daten einfach an Dritte weitergeben und weder auf den Datenschutz, noch auf die Privatsph\u00e4re einen hohen Wert gelegt haben. Als nun eine neue Welle der massiven Zentralisierung des Internets durch Anbieter, welche den komplette Datenstrom mitlesen und auswerten k\u00f6nnen, erfolgte, war es f\u00fcr unsere Gr\u00fcnder genug und der schon lange gehegte Gedanke eine M\u00f6glichkeit f\u00fcr den einfachen, kosteng\u00fcnstigen Betrieb,\u00a0 der f\u00fcr Klein- und Mittelbetriebe notwendigen Software, zu schaffen. SelfHosterVPS bietet VPS (Virtuelle Server) welche fix uns fertig aufgesetzt \u00fcbergeben werden. Durch intuitive Administrations Tools ist es sehr einfach diese VPS selbst zu betreiben. Selbstverst\u00e4ndlich\u00a0 steht das SelfHosterVPS Service Team zur Unterst\u00fctzung, bis hin zum voll gemanagten Server zur Verf\u00fcgung.<\/p>\n<p>Das SelfHosterVPS Projekt erm\u00f6glicht es Klein- und Mittelunternehmen durch den Einsatz von freier Open Source Software alle Bereiche der Betrieblichen Notwendigkeiten kosteng\u00fcnstig abzudecken und gleichzeitig f\u00fcr mehr Privatsph\u00e4re und gegen Massen\u00fcberwachung zu arbeiten.<\/p>\n<p>Alle angebotenen Services basieren ausschlie\u00dflich auf Open Source Software L\u00f6sungen und Sie haben vollen Zugriff auf den Source Code auf Ihrem VPS.<\/p>\n<p>&nbsp;<\/p>\n<p>&nbsp;<\/p>\n","protected":false},"excerpt":{"rendered":"<p>Unsere Gr\u00fcnder sind langj\u00e4hrig im IT\u00a0 Bereich t\u00e4tig und haben im Laufe der letzten Jahre mit ansehen m\u00fcssen, wie die Benutzer des Internets, Ihre Daten einfach an Dritte weitergeben und weder auf den Datenschutz, noch auf die Privatsph\u00e4re einen hohen Wert gelegt haben. Als nun eine neue Welle der massiven Zentralisierung des Internets durch Anbieter, [&hellip;]<\/p>\n","protected":false},"author":1,"featured_media":0,"parent":0,"menu_order":0,"comment_status":"closed","ping_status":"closed","template":"","meta":{"footnotes":""},"class_list":["post-65","page","type-page","status-publish","hentry"],"_links":{"self":[{"href":"https:\/\/selfhostervps.com\/de\/wp-json\/wp\/v2\/pages\/65"}],"collection":[{"href":"https:\/\/selfhostervps.com\/de\/wp-json\/wp\/v2\/pages"}],"about":[{"href":"https:\/\/selfhostervps.com\/de\/wp-json\/wp\/v2\/types\/page"}],"author":[{"embeddable":true,"href":"https:\/\/selfhostervps.com\/de\/wp-json\/wp\/v2\/users\/1"}],"replies":[{"embeddable":true,"href":"https:\/\/selfhostervps.com\/de\/wp-json\/wp\/v2\/comments?post=65"}],"version-history":[{"count":8,"href":"https:\/\/selfhostervps.com\/de\/wp-json\/wp\/v2\/pages\/65\/revisions"}],"predecessor-version":[{"id":73,"href":"https:\/\/selfhostervps.com\/de\/wp-json\/wp\/v2\/pages\/65\/revisions\/73"}],"wp:attachment":[{"href":"https:\/\/selfhostervps.com\/de\/wp-json\/wp\/v2\/media?parent=65"}],"curies":[{"name":"wp","href":"https:\/\/api.w.org\/{rel}","templated":true}]}}