{"id":215,"date":"2022-07-13T19:43:22","date_gmt":"2022-07-13T17:43:22","guid":{"rendered":"https:\/\/selfhostervps.com\/de\/?page_id=215"},"modified":"2022-07-13T19:43:22","modified_gmt":"2022-07-13T17:43:22","slug":"job-digitalberater","status":"publish","type":"page","link":"https:\/\/selfhostervps.com\/de\/job-digitalberater\/","title":{"rendered":"Job Digitalberater (Haupt- oder nebenberuflich, 100% Remote)"},"content":{"rendered":"<p>\u00dcber SelfHosterVPS<\/p>\n<div class=\"entry-content\">\n<p>SelfhosterVPS ist Teil der 1985 gegr\u00fcndeten CTS Gruppe und z\u00e4hlt zu den f\u00fchrenden Anbietern von qualitativ hochwertigen IT Support Leistungen. Ein hohes Ma\u00df an Sicherheit sowie ausgepr\u00e4gte Kundenorientierung sind wesentliche Erfolgsfaktoren f\u00fcr eine kontinuierlich positive Unternehmensentwicklung seit 1985.<\/p>\n<p>Unsere Leistung im Bereich EDV Wartung begeistert Kunden seit 37 Jahren und bietet Ihnen eine ideale Ausgangsbasis f\u00fcr Ihre T\u00e4tigkeit.<\/p>\n<p>SelfHosterVPS.com, die perfekte, datenschutzfreundliche und lizenzkostenfreie IT-L\u00f6sung f\u00fcr Ein-Personen-Unternehmen (EPU) bis hin zu Unternehmen mit 30-50 Mitarbeitern. Kunden werden wieder Herr \u00fcber Ihre Daten und verwenden millionenfach bew\u00e4hrte, Open Source L\u00f6sungen ohne teure Lizenzkostenzahlungen.\u00a0 Das vom SelfHosterVPS.com Team installierte System erm\u00f6glicht es mit einem Klick viele Apps hinzuzuf\u00fcgen und IT Anforderungen extrem einfach selbst in der Hand zu haben. Inklusive System Aktualisierungen und Datensicherung per Mausklick. Wenn der Kunde\u00a0 einmal nicht weiter wei\u00df, oder im Rahmen der Einrichtung Fragen hat, hilft unser kompetentes Support Team mit jahrzehntelanger Erfahrung gerne weiter.<\/p>\n<\/div>\n<p>SelfHosterVPS.com, eignet sich auch perfekt f\u00fcr innovative Influencer, welche wissen, dass eine Account Sperre bei gro\u00dfen Anbietern jedem passieren kann und damit Ihre Existenz, bzw. Vorarbeit in einer Sekunde vernichtet ist. Innovative Influencer verwenden die Plattformen gro\u00dfer Anbieter nur mehr um neue Follower auf die eigene Instanz zu bringen. So bleiben alle Follower auch bei einer Account Sperre weiterhin auf der eigenen Instanz verf\u00fcgbar. Zus\u00e4tzlich kann niemand vorschreiben, welche Inhalte auf der eigenen Instanz gepostet werden. Eigene Instanz \u2013 Eigene Regeln!<\/p>\n<div class=\"entry-content\">\n<h3 id=\"die-chance\">Die Chance<\/h3>\n<p>F\u00fcr folgende Vertriebsgebiete suchen wir selbst\u00e4ndige, motivierte und flexible Digitalberater (m\/w\/d) f\u00fcr eine langj\u00e4hrige, f\u00fcr beide Seiten lukrative Zusammenarbeit. Freie Zeiteinteilung, 100% Remote, Beratung rein \u00fcber Telefon m\u00f6glich, auch als Nebenjob verf\u00fcgbar:<\/p>\n<h4 id=\"beratungsgebiete\">Beratungsgebiete<\/h4>\n<ul>\n<li>Alle EU Staaten<\/li>\n<li>Nicht-EU Staaten ab Q4\/2022 geplant<\/li>\n<\/ul>\n<h4 id=\"das-geniale-produkt\">Das geniale Produkt<\/h4>\n<blockquote class=\"wp-embedded-content\" data-secret=\"7aGXJ0dCgc\"><p><a href=\"https:\/\/selfhostervps.com\/de\/\">SelfhosterVPS Startseite<\/a><\/p><\/blockquote>\n<p><iframe loading=\"lazy\" class=\"wp-embedded-content\" sandbox=\"allow-scripts\" security=\"restricted\" style=\"position: absolute; clip: rect(1px, 1px, 1px, 1px);\" title=\"&#8222;SelfhosterVPS Startseite&#8220; &#8212; SelfHosterVPS\" src=\"https:\/\/selfhostervps.com\/de\/embed\/#?secret=OZK6Q0Nvj8#?secret=7aGXJ0dCgc\" data-secret=\"7aGXJ0dCgc\" width=\"600\" height=\"338\" frameborder=\"0\" marginwidth=\"0\" marginheight=\"0\" scrolling=\"no\"><\/iframe><\/p>\n<h3 id=\"beratungsgebiete\">Ihre Aufgaben<\/h3>\n<ul>\n<li>Vorstellung eines einfachen Produktes<\/li>\n<li>Kontakte zu Kleinunternehmen und Influencer<\/li>\n<li>Zielgerichtete Umsetzung der Marketingstrategie<\/li>\n<\/ul>\n<h4 id=\"ihr-profil\">Ihr Profil<\/h4>\n<ul>\n<li>Freude am Umgang mit Menschen<\/li>\n<li>Kundenorientiertes Auftreten<\/li>\n<li>Hohe Selbstmotivation und Ausdauer<\/li>\n<li>Verantwortungsbewusstes Arbeiten<\/li>\n<li>Wille zum Erfolg<\/li>\n<\/ul>\n<h4 id=\"wir-bieten\">Wir bieten<\/h4>\n<ul>\n<li>eine lukrative T\u00e4tigkeit auf Provisionsbasis<\/li>\n<li>laufende Provisionen und damit passives Einkommen!<\/li>\n<li>abwechslungsreiche T\u00e4tigkeit<\/li>\n<li>professionelle Unterst\u00fctzung durch bestens geschultes technisches Backoffice<\/li>\n<li>Selbst\u00e4ndiges, eigenverantwortliches Arbeiten<\/li>\n<li>100% Remote Job!<\/li>\n<li>Freie Zeiteinteilung<\/li>\n<li>Beratungskontakt rein \u00fcber Telefon m\u00f6glich, kein Kundenbesuch notwendig<\/li>\n<li>auch als Nebenjob durchf\u00fchrbar<\/li>\n<li>Schulungen<\/li>\n<\/ul>\n<h3 id=\"kontaktaufnahme\">Kontaktaufnahme<\/h3>\n<p>Wir freuen uns auf Kontaktaufnahme unter<\/p>\n\n<div class=\"wpcf7 no-js\" id=\"wpcf7-f214-o1\" lang=\"de-DE\" dir=\"ltr\" data-wpcf7-id=\"214\">\n<div class=\"screen-reader-response\"><p role=\"status\" aria-live=\"polite\" aria-atomic=\"true\"><\/p> <ul><\/ul><\/div>\n<form action=\"\/de\/wp-json\/wp\/v2\/pages\/215#wpcf7-f214-o1\" method=\"post\" class=\"wpcf7-form init\" aria-label=\"Kontaktformular\" enctype=\"multipart\/form-data\" novalidate=\"novalidate\" data-status=\"init\">\n<div style=\"display: none;\">\n<input type=\"hidden\" name=\"_wpcf7\" value=\"214\" \/>\n<input type=\"hidden\" name=\"_wpcf7_version\" value=\"6.0.6\" \/>\n<input type=\"hidden\" name=\"_wpcf7_locale\" value=\"de_DE_formal\" \/>\n<input type=\"hidden\" name=\"_wpcf7_unit_tag\" value=\"wpcf7-f214-o1\" \/>\n<input type=\"hidden\" name=\"_wpcf7_container_post\" value=\"0\" \/>\n<input type=\"hidden\" name=\"_wpcf7_posted_data_hash\" value=\"\" \/>\n<input type=\"hidden\" name=\"lang\" value=\"de\" \/>\n<\/div>\n\n<h3>Bewerbung\n<\/h3>\n<p>Wir freuen uns \u00fcber Ihre Kontaktaufnahme, welche unser Team \u00fcber das Ticket System raschest beantworten wird.\n<\/p>\n<input class=\"wpcf7-form-control wpcf7-hidden\" value=\"1\" type=\"hidden\" name=\"osticket-request\" \/>\n<input class=\"wpcf7-form-control wpcf7-hidden\" value=\"osticket-selfhostervpsorder\" type=\"hidden\" name=\"osticket-selfhostervpsorder\" \/>\n<input class=\"wpcf7-form-control wpcf7-hidden\" value=\"14\" type=\"hidden\" name=\"osticket-topic\" \/>\n<p><label> Ihre E-Mail-Adresse<br \/>\n<span class=\"wpcf7-form-control-wrap\" data-name=\"osticket-email\"><input size=\"40\" maxlength=\"400\" class=\"wpcf7-form-control wpcf7-email wpcf7-validates-as-required wpcf7-text wpcf7-validates-as-email\" aria-required=\"true\" aria-invalid=\"false\" value=\"\" type=\"email\" name=\"osticket-email\" \/><\/span> <\/label>\n<\/p>\n<p><label> Telefonnummer<br \/>\n<span class=\"wpcf7-form-control-wrap\" data-name=\"osticket-phone\"><input size=\"40\" maxlength=\"400\" class=\"wpcf7-form-control wpcf7-text\" aria-invalid=\"false\" value=\"\" type=\"text\" name=\"osticket-phone\" \/><\/span> <\/label>\n<\/p>\n<p><label> Ihr Name<br \/>\n<span class=\"wpcf7-form-control-wrap\" data-name=\"osticket-fullname\"><input size=\"40\" maxlength=\"400\" class=\"wpcf7-form-control wpcf7-text wpcf7-validates-as-required\" aria-required=\"true\" aria-invalid=\"false\" value=\"\" type=\"text\" name=\"osticket-fullname\" \/><\/span> <\/label>\n<\/p>\n<p><label> Bewerbung als<br \/>\n<span class=\"wpcf7-form-control-wrap\" data-name=\"osticket-subject\"><select class=\"wpcf7-form-control wpcf7-select\" aria-invalid=\"false\" name=\"osticket-subject\"><option value=\"Bewerbung Digitalberater\">Bewerbung Digitalberater<\/option><option value=\"Bewerbung Influencer\">Bewerbung Influencer<\/option><\/select><\/span> <\/label>\n<\/p>\n<p><label> Ihre Nachricht<br \/>\n<span class=\"wpcf7-form-control-wrap\" data-name=\"osticket-message\"><textarea cols=\"40\" rows=\"10\" maxlength=\"2000\" class=\"wpcf7-form-control wpcf7-textarea wpcf7-validates-as-required\" aria-required=\"true\" aria-invalid=\"false\" placeholder=\"Bitte \u00fcbermitteln Sie uns:\nName\nAdresse\nPLZ Ort\nLand\nunser Team meldet sich raschest bei Ihnen,\" name=\"osticket-message\"><\/textarea><\/span> <\/label>\n<\/p>\n<p><label> Uploadm\u00f6glichkeit f\u00fcr Dokumente<br \/>\n<span class=\"wpcf7-form-control-wrap\" data-name=\"osticket-attach\"><input size=\"40\" class=\"wpcf7-form-control wpcf7-file\" accept=\".txt,.pdf,.doc\" aria-invalid=\"false\" type=\"file\" name=\"osticket-attach\" \/><\/span> <\/label>\n<\/p>\n<p><input class=\"wpcf7-form-control wpcf7-submit has-spinner\" type=\"submit\" value=\"Senden\" \/>\n<\/p><div class=\"wpcf7-response-output\" aria-hidden=\"true\"><\/div>\n<\/form>\n<\/div>\n\n<\/div>\n","protected":false},"excerpt":{"rendered":"<p>\u00dcber SelfHosterVPS SelfhosterVPS ist Teil der 1985 gegr\u00fcndeten CTS Gruppe und z\u00e4hlt zu den f\u00fchrenden Anbietern von qualitativ hochwertigen IT Support Leistungen. Ein hohes Ma\u00df an Sicherheit sowie ausgepr\u00e4gte Kundenorientierung sind wesentliche Erfolgsfaktoren f\u00fcr eine kontinuierlich positive Unternehmensentwicklung seit 1985. Unsere Leistung im Bereich EDV Wartung begeistert Kunden seit 37 Jahren und bietet Ihnen eine [&hellip;]<\/p>\n","protected":false},"author":1,"featured_media":0,"parent":0,"menu_order":0,"comment_status":"closed","ping_status":"closed","template":"","meta":{"footnotes":""},"class_list":["post-215","page","type-page","status-publish","hentry"],"_links":{"self":[{"href":"https:\/\/selfhostervps.com\/de\/wp-json\/wp\/v2\/pages\/215"}],"collection":[{"href":"https:\/\/selfhostervps.com\/de\/wp-json\/wp\/v2\/pages"}],"about":[{"href":"https:\/\/selfhostervps.com\/de\/wp-json\/wp\/v2\/types\/page"}],"author":[{"embeddable":true,"href":"https:\/\/selfhostervps.com\/de\/wp-json\/wp\/v2\/users\/1"}],"replies":[{"embeddable":true,"href":"https:\/\/selfhostervps.com\/de\/wp-json\/wp\/v2\/comments?post=215"}],"version-history":[{"count":22,"href":"https:\/\/selfhostervps.com\/de\/wp-json\/wp\/v2\/pages\/215\/revisions"}],"predecessor-version":[{"id":237,"href":"https:\/\/selfhostervps.com\/de\/wp-json\/wp\/v2\/pages\/215\/revisions\/237"}],"wp:attachment":[{"href":"https:\/\/selfhostervps.com\/de\/wp-json\/wp\/v2\/media?parent=215"}],"curies":[{"name":"wp","href":"https:\/\/api.w.org\/{rel}","templated":true}]}}